{"id":137,"date":"2019-11-17T01:01:52","date_gmt":"2019-11-17T01:01:52","guid":{"rendered":"https:\/\/iemegaprogresoyopal.edu.co\/?page_id=137"},"modified":"2019-11-17T01:12:35","modified_gmt":"2019-11-17T01:12:35","slug":"vision","status":"publish","type":"page","link":"https:\/\/megacolegio.edu.co\/?page_id=137","title":{"rendered":"Visi\u00f3n"},"content":{"rendered":"<div id=\"fb-root\"><\/div>\n<p><strong>La Instituci\u00f3n Educativa Megacolegio El Progreso se proyecta hacia el a\u00f1o 2023 como una instituci\u00f3n l\u00edder en inclusi\u00f3n social, en deporte y en cultura,\u00a0 fortalecida en una sana convivencia y con resultados acad\u00e9micos sobresalientes, basados en el\u00a0 modelo pedag\u00f3gico socio cultural, para la\u00a0 formaci\u00f3n de\u00a0 estudiantes con habilidades para la vida, que potencien la construcci\u00f3n de una sociedad m\u00e1s justa y humana.<\/strong><\/p>\n","protected":false},"excerpt":{"rendered":"<p>La Instituci\u00f3n Educativa Megacolegio El Progreso se proyecta hacia el a\u00f1o 2023 como una instituci\u00f3n l\u00edder en inclusi\u00f3n social, en deporte y en cultura,\u00a0 fortalecida en una sana convivencia y con resultados acad\u00e9micos sobresalientes, basados en el\u00a0 modelo pedag\u00f3gico socio cultural, para la\u00a0 formaci\u00f3n de\u00a0 estudiantes con habilidades para la vida, que potencien la construcci\u00f3n <a href=\"https:\/\/megacolegio.edu.co\/?page_id=137\" class=\"more-link\">...continue reading<span class=\"screen-reader-text\"> \"Visi\u00f3n\"<\/span><\/a><\/p>\n","protected":false},"author":2,"featured_media":0,"parent":0,"menu_order":0,"comment_status":"closed","ping_status":"closed","template":"","meta":{"footnotes":""},"class_list":["post-137","page","type-page","status-publish","h-entry","hentry","h-as-page"],"_links":{"self":[{"href":"https:\/\/megacolegio.edu.co\/index.php?rest_route=\/wp\/v2\/pages\/137","targetHints":{"allow":["GET"]}}],"collection":[{"href":"https:\/\/megacolegio.edu.co\/index.php?rest_route=\/wp\/v2\/pages"}],"about":[{"href":"https:\/\/megacolegio.edu.co\/index.php?rest_route=\/wp\/v2\/types\/page"}],"author":[{"embeddable":true,"href":"https:\/\/megacolegio.edu.co\/index.php?rest_route=\/wp\/v2\/users\/2"}],"replies":[{"embeddable":true,"href":"https:\/\/megacolegio.edu.co\/index.php?rest_route=%2Fwp%2Fv2%2Fcomments&post=137"}],"version-history":[{"count":4,"href":"https:\/\/megacolegio.edu.co\/index.php?rest_route=\/wp\/v2\/pages\/137\/revisions"}],"predecessor-version":[{"id":147,"href":"https:\/\/megacolegio.edu.co\/index.php?rest_route=\/wp\/v2\/pages\/137\/revisions\/147"}],"wp:attachment":[{"href":"https:\/\/megacolegio.edu.co\/index.php?rest_route=%2Fwp%2Fv2%2Fmedia&parent=137"}],"curies":[{"name":"wp","href":"https:\/\/api.w.org\/{rel}","templated":true}]}}